{"id":4359,"date":"2020-03-04T12:23:12","date_gmt":"2020-03-04T12:23:12","guid":{"rendered":"http:\/\/stephexhorsetrucks.com\/customer-care\/"},"modified":"2024-06-25T12:35:32","modified_gmt":"2024-06-25T10:35:32","slug":"customer-care","status":"publish","type":"page","link":"https:\/\/stephexhorsetrucks.com\/fr\/customer-care\/","title":{"rendered":"Service<strong>Clients <\/strong>"},"content":{"rendered":"","protected":false},"excerpt":{"rendered":"","protected":false},"author":7,"featured_media":43428,"parent":0,"menu_order":0,"comment_status":"closed","ping_status":"closed","template":"models\/finance.php","meta":{"_acf_changed":false,"content-type":"","footnotes":""},"class_list":["post-4359","page","type-page","status-publish","has-post-thumbnail","hentry"],"acf":[],"yoast_head":"<!-- This site is optimized with the Yoast SEO Premium plugin v26.3 (Yoast SEO v26.3) - https:\/\/yoast.com\/wordpress\/plugins\/seo\/ -->\n<title>ServiceClients  - Stephex Horsetrucks<\/title>\n<meta name=\"robots\" content=\"index, follow, max-snippet:-1, max-image-preview:large, max-video-preview:-1\" \/>\n<link rel=\"canonical\" href=\"https:\/\/stephexhorsetrucks.com\/fr\/customer-care\/\" \/>\n<meta property=\"og:locale\" content=\"fr_FR\" \/>\n<meta property=\"og:type\" content=\"article\" \/>\n<meta property=\"og:title\" content=\"ServiceClients\" \/>\n<meta property=\"og:url\" content=\"https:\/\/stephexhorsetrucks.com\/fr\/customer-care\/\" \/>\n<meta property=\"og:site_name\" content=\"Stephex Horsetrucks\" \/>\n<meta property=\"article:publisher\" content=\"https:\/\/nl-nl.facebook.com\/StephexHorsetrucks\/\" \/>\n<meta property=\"article:modified_time\" content=\"2024-06-25T10:35:32+00:00\" \/>\n<meta property=\"og:image\" content=\"https:\/\/stephexhorsetrucks.com\/wp-content\/uploads\/2024\/02\/Garage.jpg\" \/>\n\t<meta property=\"og:image:width\" content=\"2048\" \/>\n\t<meta property=\"og:image:height\" content=\"1365\" \/>\n\t<meta property=\"og:image:type\" content=\"image\/jpeg\" \/>\n<meta name=\"twitter:card\" content=\"summary_large_image\" \/>\n<meta name=\"twitter:label1\" content=\"Est. reading time\" \/>\n\t<meta name=\"twitter:data1\" content=\"1 minute\" \/>\n<script type=\"application\/ld+json\" class=\"yoast-schema-graph\">{\"@context\":\"https:\/\/schema.org\",\"@graph\":[{\"@type\":\"WebPage\",\"@id\":\"https:\/\/stephexhorsetrucks.com\/fr\/customer-care\/\",\"url\":\"https:\/\/stephexhorsetrucks.com\/fr\/customer-care\/\",\"name\":\"ServiceClients - Stephex Horsetrucks\",\"isPartOf\":{\"@id\":\"https:\/\/stephexhorsetrucks.com\/fr\/#website\"},\"primaryImageOfPage\":{\"@id\":\"https:\/\/stephexhorsetrucks.com\/fr\/customer-care\/#primaryimage\"},\"image\":{\"@id\":\"https:\/\/stephexhorsetrucks.com\/fr\/customer-care\/#primaryimage\"},\"thumbnailUrl\":\"https:\/\/stephexhorsetrucks.com\/wp-content\/uploads\/2024\/02\/Garage.jpg\",\"datePublished\":\"2020-03-04T12:23:12+00:00\",\"dateModified\":\"2024-06-25T10:35:32+00:00\",\"breadcrumb\":{\"@id\":\"https:\/\/stephexhorsetrucks.com\/fr\/customer-care\/#breadcrumb\"},\"inLanguage\":\"fr-FR\",\"potentialAction\":[{\"@type\":\"ReadAction\",\"target\":[\"https:\/\/stephexhorsetrucks.com\/fr\/customer-care\/\"]}]},{\"@type\":\"ImageObject\",\"inLanguage\":\"fr-FR\",\"@id\":\"https:\/\/stephexhorsetrucks.com\/fr\/customer-care\/#primaryimage\",\"url\":\"https:\/\/stephexhorsetrucks.com\/wp-content\/uploads\/2024\/02\/Garage.jpg\",\"contentUrl\":\"https:\/\/stephexhorsetrucks.com\/wp-content\/uploads\/2024\/02\/Garage.jpg\",\"width\":2048,\"height\":1365},{\"@type\":\"BreadcrumbList\",\"@id\":\"https:\/\/stephexhorsetrucks.com\/fr\/customer-care\/#breadcrumb\",\"itemListElement\":[{\"@type\":\"ListItem\",\"position\":1,\"name\":\"Home\",\"item\":\"https:\/\/stephexhorsetrucks.com\/fr\/\"},{\"@type\":\"ListItem\",\"position\":2,\"name\":\"ServiceClients\"}]},{\"@type\":\"WebSite\",\"@id\":\"https:\/\/stephexhorsetrucks.com\/fr\/#website\",\"url\":\"https:\/\/stephexhorsetrucks.com\/fr\/\",\"name\":\"Stephex Horsetrucks\",\"description\":\"The Choice is Yours\",\"publisher\":{\"@id\":\"https:\/\/stephexhorsetrucks.com\/fr\/#organization\"},\"potentialAction\":[{\"@type\":\"SearchAction\",\"target\":{\"@type\":\"EntryPoint\",\"urlTemplate\":\"https:\/\/stephexhorsetrucks.com\/fr\/?s={search_term_string}\"},\"query-input\":{\"@type\":\"PropertyValueSpecification\",\"valueRequired\":true,\"valueName\":\"search_term_string\"}}],\"inLanguage\":\"fr-FR\"},{\"@type\":\"Organization\",\"@id\":\"https:\/\/stephexhorsetrucks.com\/fr\/#organization\",\"name\":\"Stephex Horsetrucks\",\"url\":\"https:\/\/stephexhorsetrucks.com\/fr\/\",\"logo\":{\"@type\":\"ImageObject\",\"inLanguage\":\"fr-FR\",\"@id\":\"https:\/\/stephexhorsetrucks.com\/fr\/#\/schema\/logo\/image\/\",\"url\":\"https:\/\/stephexhorsetrucks.com\/wp-content\/uploads\/2022\/09\/STX-2022-logo.jpeg\",\"contentUrl\":\"https:\/\/stephexhorsetrucks.com\/wp-content\/uploads\/2022\/09\/STX-2022-logo.jpeg\",\"width\":2048,\"height\":779,\"caption\":\"Stephex Horsetrucks\"},\"image\":{\"@id\":\"https:\/\/stephexhorsetrucks.com\/fr\/#\/schema\/logo\/image\/\"},\"sameAs\":[\"https:\/\/nl-nl.facebook.com\/StephexHorsetrucks\/\",\"https:\/\/www.instagram.com\/stephexhorsetrucks\/\"]}]}<\/script>\n<!-- \/ Yoast SEO Premium plugin. -->","yoast_head_json":{"title":"ServiceClients  - Stephex Horsetrucks","robots":{"index":"index","follow":"follow","max-snippet":"max-snippet:-1","max-image-preview":"max-image-preview:large","max-video-preview":"max-video-preview:-1"},"canonical":"https:\/\/stephexhorsetrucks.com\/fr\/customer-care\/","og_locale":"fr_FR","og_type":"article","og_title":"ServiceClients","og_url":"https:\/\/stephexhorsetrucks.com\/fr\/customer-care\/","og_site_name":"Stephex Horsetrucks","article_publisher":"https:\/\/nl-nl.facebook.com\/StephexHorsetrucks\/","article_modified_time":"2024-06-25T10:35:32+00:00","og_image":[{"width":2048,"height":1365,"url":"https:\/\/stephexhorsetrucks.com\/wp-content\/uploads\/2024\/02\/Garage.jpg","type":"image\/jpeg"}],"twitter_card":"summary_large_image","twitter_misc":{"Est. reading time":"1 minute"},"schema":{"@context":"https:\/\/schema.org","@graph":[{"@type":"WebPage","@id":"https:\/\/stephexhorsetrucks.com\/fr\/customer-care\/","url":"https:\/\/stephexhorsetrucks.com\/fr\/customer-care\/","name":"ServiceClients - Stephex Horsetrucks","isPartOf":{"@id":"https:\/\/stephexhorsetrucks.com\/fr\/#website"},"primaryImageOfPage":{"@id":"https:\/\/stephexhorsetrucks.com\/fr\/customer-care\/#primaryimage"},"image":{"@id":"https:\/\/stephexhorsetrucks.com\/fr\/customer-care\/#primaryimage"},"thumbnailUrl":"https:\/\/stephexhorsetrucks.com\/wp-content\/uploads\/2024\/02\/Garage.jpg","datePublished":"2020-03-04T12:23:12+00:00","dateModified":"2024-06-25T10:35:32+00:00","breadcrumb":{"@id":"https:\/\/stephexhorsetrucks.com\/fr\/customer-care\/#breadcrumb"},"inLanguage":"fr-FR","potentialAction":[{"@type":"ReadAction","target":["https:\/\/stephexhorsetrucks.com\/fr\/customer-care\/"]}]},{"@type":"ImageObject","inLanguage":"fr-FR","@id":"https:\/\/stephexhorsetrucks.com\/fr\/customer-care\/#primaryimage","url":"https:\/\/stephexhorsetrucks.com\/wp-content\/uploads\/2024\/02\/Garage.jpg","contentUrl":"https:\/\/stephexhorsetrucks.com\/wp-content\/uploads\/2024\/02\/Garage.jpg","width":2048,"height":1365},{"@type":"BreadcrumbList","@id":"https:\/\/stephexhorsetrucks.com\/fr\/customer-care\/#breadcrumb","itemListElement":[{"@type":"ListItem","position":1,"name":"Home","item":"https:\/\/stephexhorsetrucks.com\/fr\/"},{"@type":"ListItem","position":2,"name":"ServiceClients"}]},{"@type":"WebSite","@id":"https:\/\/stephexhorsetrucks.com\/fr\/#website","url":"https:\/\/stephexhorsetrucks.com\/fr\/","name":"Stephex Horsetrucks","description":"The Choice is Yours","publisher":{"@id":"https:\/\/stephexhorsetrucks.com\/fr\/#organization"},"potentialAction":[{"@type":"SearchAction","target":{"@type":"EntryPoint","urlTemplate":"https:\/\/stephexhorsetrucks.com\/fr\/?s={search_term_string}"},"query-input":{"@type":"PropertyValueSpecification","valueRequired":true,"valueName":"search_term_string"}}],"inLanguage":"fr-FR"},{"@type":"Organization","@id":"https:\/\/stephexhorsetrucks.com\/fr\/#organization","name":"Stephex Horsetrucks","url":"https:\/\/stephexhorsetrucks.com\/fr\/","logo":{"@type":"ImageObject","inLanguage":"fr-FR","@id":"https:\/\/stephexhorsetrucks.com\/fr\/#\/schema\/logo\/image\/","url":"https:\/\/stephexhorsetrucks.com\/wp-content\/uploads\/2022\/09\/STX-2022-logo.jpeg","contentUrl":"https:\/\/stephexhorsetrucks.com\/wp-content\/uploads\/2022\/09\/STX-2022-logo.jpeg","width":2048,"height":779,"caption":"Stephex Horsetrucks"},"image":{"@id":"https:\/\/stephexhorsetrucks.com\/fr\/#\/schema\/logo\/image\/"},"sameAs":["https:\/\/nl-nl.facebook.com\/StephexHorsetrucks\/","https:\/\/www.instagram.com\/stephexhorsetrucks\/"]}]}},"ACF":{"image":{"ID":43433,"id":43433,"title":"4163078_3","filename":"4163078_3.png","filesize":7016,"url":"https:\/\/stephexhorsetrucks.com\/wp-content\/uploads\/2024\/02\/4163078_3.png","link":"https:\/\/stephexhorsetrucks.com\/fr\/customer-care\/4163078_3-2\/","alt":"","author":"28","description":"","caption":"","name":"4163078_3-2","status":"inherit","uploaded_to":4359,"date":"2024-02-15 14:07:13","modified":"2024-02-15 14:07:13","menu_order":0,"mime_type":"image\/png","type":"image","subtype":"png","icon":"https:\/\/stephexhorsetrucks.com\/wp-includes\/images\/media\/default.png","width":180,"height":180,"sizes":{"thumbnail":"https:\/\/stephexhorsetrucks.com\/wp-content\/uploads\/2024\/02\/4163078_3-150x150.png","thumbnail-width":150,"thumbnail-height":150,"medium":"https:\/\/stephexhorsetrucks.com\/wp-content\/uploads\/2024\/02\/4163078_3.png","medium-width":180,"medium-height":180,"medium_large":"https:\/\/stephexhorsetrucks.com\/wp-content\/uploads\/2024\/02\/4163078_3.png","medium_large-width":180,"medium_large-height":180,"large":"https:\/\/stephexhorsetrucks.com\/wp-content\/uploads\/2024\/02\/4163078_3.png","large-width":180,"large-height":180,"1536x1536":"https:\/\/stephexhorsetrucks.com\/wp-content\/uploads\/2024\/02\/4163078_3.png","1536x1536-width":180,"1536x1536-height":180,"2048x2048":"https:\/\/stephexhorsetrucks.com\/wp-content\/uploads\/2024\/02\/4163078_3.png","2048x2048-width":180,"2048x2048-height":180,"admin_column_pic":"https:\/\/stephexhorsetrucks.com\/wp-content\/uploads\/2024\/02\/4163078_3-80x80.png","admin_column_pic-width":80,"admin_column_pic-height":80,"hero_lg":"https:\/\/stephexhorsetrucks.com\/wp-content\/uploads\/2024\/02\/4163078_3.png","hero_lg-width":180,"hero_lg-height":180,"hero_md":"https:\/\/stephexhorsetrucks.com\/wp-content\/uploads\/2024\/02\/4163078_3.png","hero_md-width":180,"hero_md-height":180,"hero_sm":"https:\/\/stephexhorsetrucks.com\/wp-content\/uploads\/2024\/02\/4163078_3.png","hero_sm-width":180,"hero_sm-height":180,"brand_lg":"https:\/\/stephexhorsetrucks.com\/wp-content\/uploads\/2024\/02\/4163078_3.png","brand_lg-width":180,"brand_lg-height":180,"brand_md":"https:\/\/stephexhorsetrucks.com\/wp-content\/uploads\/2024\/02\/4163078_3.png","brand_md-width":180,"brand_md-height":180,"brand_sm":"https:\/\/stephexhorsetrucks.com\/wp-content\/uploads\/2024\/02\/4163078_3.png","brand_sm-width":180,"brand_sm-height":180,"model_lg":"https:\/\/stephexhorsetrucks.com\/wp-content\/uploads\/2024\/02\/4163078_3.png","model_lg-width":180,"model_lg-height":180,"model_md":"https:\/\/stephexhorsetrucks.com\/wp-content\/uploads\/2024\/02\/4163078_3.png","model_md-width":180,"model_md-height":180,"model_sm":"https:\/\/stephexhorsetrucks.com\/wp-content\/uploads\/2024\/02\/4163078_3.png","model_sm-width":180,"model_sm-height":180,"stock_lg":"https:\/\/stephexhorsetrucks.com\/wp-content\/uploads\/2024\/02\/4163078_3.png","stock_lg-width":180,"stock_lg-height":180,"stock_md":"https:\/\/stephexhorsetrucks.com\/wp-content\/uploads\/2024\/02\/4163078_3.png","stock_md-width":180,"stock_md-height":180,"stock_sm":"https:\/\/stephexhorsetrucks.com\/wp-content\/uploads\/2024\/02\/4163078_3.png","stock_sm-width":180,"stock_sm-height":180,"dealer_lg":"https:\/\/stephexhorsetrucks.com\/wp-content\/uploads\/2024\/02\/4163078_3.png","dealer_lg-width":180,"dealer_lg-height":180,"dealer_md":"https:\/\/stephexhorsetrucks.com\/wp-content\/uploads\/2024\/02\/4163078_3.png","dealer_md-width":180,"dealer_md-height":180,"dealer_sm":"https:\/\/stephexhorsetrucks.com\/wp-content\/uploads\/2024\/02\/4163078_3.png","dealer_sm-width":180,"dealer_sm-height":180,"ambassador_md":"https:\/\/stephexhorsetrucks.com\/wp-content\/uploads\/2024\/02\/4163078_3.png","ambassador_md-width":180,"ambassador_md-height":180,"ambassador_sm":"https:\/\/stephexhorsetrucks.com\/wp-content\/uploads\/2024\/02\/4163078_3.png","ambassador_sm-width":180,"ambassador_sm-height":180,"news_md":"https:\/\/stephexhorsetrucks.com\/wp-content\/uploads\/2024\/02\/4163078_3.png","news_md-width":180,"news_md-height":180,"news_sm":"https:\/\/stephexhorsetrucks.com\/wp-content\/uploads\/2024\/02\/4163078_3.png","news_sm-width":180,"news_sm-height":180,"customer-big":"https:\/\/stephexhorsetrucks.com\/wp-content\/uploads\/2024\/02\/4163078_3.png","customer-big-width":180,"customer-big-height":180,"customer-small":"https:\/\/stephexhorsetrucks.com\/wp-content\/uploads\/2024\/02\/4163078_3.png","customer-small-width":180,"customer-small-height":180,"contact":"https:\/\/stephexhorsetrucks.com\/wp-content\/uploads\/2024\/02\/4163078_3.png","contact-width":180,"contact-height":180,"general_lg":"https:\/\/stephexhorsetrucks.com\/wp-content\/uploads\/2024\/02\/4163078_3.png","general_lg-width":180,"general_lg-height":180,"general_md":"https:\/\/stephexhorsetrucks.com\/wp-content\/uploads\/2024\/02\/4163078_3.png","general_md-width":180,"general_md-height":180,"general_sm":"https:\/\/stephexhorsetrucks.com\/wp-content\/uploads\/2024\/02\/4163078_3.png","general_sm-width":180,"general_sm-height":180,"search_lg":"https:\/\/stephexhorsetrucks.com\/wp-content\/uploads\/2024\/02\/4163078_3.png","search_lg-width":180,"search_lg-height":180,"search_md":"https:\/\/stephexhorsetrucks.com\/wp-content\/uploads\/2024\/02\/4163078_3.png","search_md-width":180,"search_md-height":180,"search_sm":"https:\/\/stephexhorsetrucks.com\/wp-content\/uploads\/2024\/02\/4163078_3.png","search_sm-width":180,"search_sm-height":180,"banner_lg":"https:\/\/stephexhorsetrucks.com\/wp-content\/uploads\/2024\/02\/4163078_3.png","banner_lg-width":180,"banner_lg-height":180,"banner_md":"https:\/\/stephexhorsetrucks.com\/wp-content\/uploads\/2024\/02\/4163078_3.png","banner_md-width":180,"banner_md-height":180,"banner_sm":"https:\/\/stephexhorsetrucks.com\/wp-content\/uploads\/2024\/02\/4163078_3.png","banner_sm-width":180,"banner_sm-height":180,"logo":"https:\/\/stephexhorsetrucks.com\/wp-content\/uploads\/2024\/02\/4163078_3.png","logo-width":180,"logo-height":180,"logo_wide":"https:\/\/stephexhorsetrucks.com\/wp-content\/uploads\/2024\/02\/4163078_3-40x40.png","logo_wide-width":40,"logo_wide-height":40}},"link":"","chapeau":true,"tagline":"Faites appel \u00e0 nos services","baseline":"Stephex Service et STX Finance font partie du groupe Stephex","phone_number":"+32 2 3 194 194","email":"service@stephex.com","description":"Notre mission est de rendre la mobilit\u00e9 accessible \u00e0 tous. C'est pourquoi nous sommes fiers de pr\u00e9senter Stephex Finance et Stephex Service. Nous r\u00e9unissons les meilleurs techniciens pour l'entretien des v\u00e9hicules et des solutions de financement simples pour les professionnels et les particuliers.","icon_logo":false,"subtitle":"D\u00e9couvrez nos services","label":"Un service rapide et facile et des solutions de financement","contact_title":"Stephex Service","contact_title_finance":"Stephex Finance","phone_number_finance":"+32 2 319 52 52","email_finance":"info@stxfinance.com","title_banner":"Stephex Service Contact","short_text":"Monday to Friday 8h to 17h<br> \r\n<br> \r\nAtelier +32 2 3 194 194  |  service@stephex.be\r\n                               - Appointments\r\n                               - Technical questions\r\n<br> Parts +32 2 3 195 858  |  warehouse@stephex.be\r\n                               - Questions about parts\r\n                               - Orders\r\n<br>                   \r\n<br> Whatsapp (no phone contact)\r\n+32 470 12 86 69\r\n <br> \r\n<br> Outside opening hours, 24h \r\n<br>                                    \r\n<br> Telephone +32 2 670 18 27\r\n<br> Whatsapp + 32 470 12 86 69\r\n<br> \r\n<br> <b>BELGIAN LEASING CLIENTS <\/b><br> \r\n<br> 24h Breakdown Insurance: +32 2 541 92 06","link_ban":"","image_finance":false,"video_thumbnail":false},"_links":{"self":[{"href":"https:\/\/stephexhorsetrucks.com\/fr\/wp-json\/wp\/v2\/pages\/4359","targetHints":{"allow":["GET"]}}],"collection":[{"href":"https:\/\/stephexhorsetrucks.com\/fr\/wp-json\/wp\/v2\/pages"}],"about":[{"href":"https:\/\/stephexhorsetrucks.com\/fr\/wp-json\/wp\/v2\/types\/page"}],"author":[{"embeddable":true,"href":"https:\/\/stephexhorsetrucks.com\/fr\/wp-json\/wp\/v2\/users\/7"}],"replies":[{"embeddable":true,"href":"https:\/\/stephexhorsetrucks.com\/fr\/wp-json\/wp\/v2\/comments?post=4359"}],"version-history":[{"count":15,"href":"https:\/\/stephexhorsetrucks.com\/fr\/wp-json\/wp\/v2\/pages\/4359\/revisions"}],"predecessor-version":[{"id":46832,"href":"https:\/\/stephexhorsetrucks.com\/fr\/wp-json\/wp\/v2\/pages\/4359\/revisions\/46832"}],"wp:featuredmedia":[{"embeddable":true,"href":"https:\/\/stephexhorsetrucks.com\/fr\/wp-json\/wp\/v2\/media\/43428"}],"wp:attachment":[{"href":"https:\/\/stephexhorsetrucks.com\/fr\/wp-json\/wp\/v2\/media?parent=4359"}],"curies":[{"name":"wp","href":"https:\/\/api.w.org\/{rel}","templated":true}]}}