{"id":4362,"date":"2020-03-04T12:13:51","date_gmt":"2020-03-04T12:13:51","guid":{"rendered":"http:\/\/stephexhorsetrucks.com\/homepage\/"},"modified":"2024-02-29T15:27:43","modified_gmt":"2024-02-29T13:27:43","slug":"camion-chevaux-a-vend","status":"publish","type":"page","link":"https:\/\/stephexhorsetrucks.com\/fr\/","title":{"rendered":"The Choice is Yours avec<strong><\/br> Stephex Horsetrucks<\/strong>"},"content":{"rendered":"","protected":false},"excerpt":{"rendered":"","protected":false},"author":7,"featured_media":5323,"parent":0,"menu_order":0,"comment_status":"closed","ping_status":"closed","template":"","meta":{"_acf_changed":false,"content-type":"","footnotes":""},"class_list":["post-4362","page","type-page","status-publish","has-post-thumbnail","hentry"],"acf":[],"yoast_head":"<!-- This site is optimized with the Yoast SEO Premium plugin v26.3 (Yoast SEO v26.3) - https:\/\/yoast.com\/wordpress\/plugins\/seo\/ -->\n<title>Camion chevaux \u00e0 vendre - Stephex Horsetrucks<\/title>\n<meta name=\"description\" content=\"Trouvez votre camion pour chevaux \u00e0 vendre ici. Stephex est synonyme de qualit\u00e9 et de service fantastique. Contactez-nous pour plus d&#039;info.\" \/>\n<meta name=\"robots\" content=\"index, follow, max-snippet:-1, max-image-preview:large, max-video-preview:-1\" \/>\n<link rel=\"canonical\" href=\"https:\/\/stephexhorsetrucks.com\/fr\/\" \/>\n<meta property=\"og:locale\" content=\"fr_FR\" \/>\n<meta property=\"og:type\" content=\"article\" \/>\n<meta property=\"og:title\" content=\"The Choice is Yours avec Stephex Horsetrucks\" \/>\n<meta property=\"og:description\" content=\"Trouvez votre camion pour chevaux \u00e0 vendre ici. Stephex est synonyme de qualit\u00e9 et de service fantastique. Contactez-nous pour plus d&#039;info.\" \/>\n<meta property=\"og:url\" content=\"https:\/\/stephexhorsetrucks.com\/fr\/\" \/>\n<meta property=\"og:site_name\" content=\"Stephex Horsetrucks\" \/>\n<meta property=\"article:publisher\" content=\"https:\/\/nl-nl.facebook.com\/StephexHorsetrucks\/\" \/>\n<meta property=\"article:modified_time\" content=\"2024-02-29T13:27:43+00:00\" \/>\n<meta property=\"og:image\" content=\"https:\/\/stephexhorsetrucks.com\/wp-content\/uploads\/2020\/06\/CAPTURE-HORSETRUCKS.png\" \/>\n\t<meta property=\"og:image:width\" content=\"1024\" \/>\n\t<meta property=\"og:image:height\" content=\"576\" \/>\n\t<meta property=\"og:image:type\" content=\"image\/png\" \/>\n<meta name=\"twitter:card\" content=\"summary_large_image\" \/>\n<script type=\"application\/ld+json\" class=\"yoast-schema-graph\">{\"@context\":\"https:\/\/schema.org\",\"@graph\":[{\"@type\":\"WebPage\",\"@id\":\"https:\/\/stephexhorsetrucks.com\/fr\/\",\"url\":\"https:\/\/stephexhorsetrucks.com\/fr\/\",\"name\":\"Camion chevaux \u00e0 vendre - Stephex Horsetrucks\",\"isPartOf\":{\"@id\":\"https:\/\/stephexhorsetrucks.com\/fr\/#website\"},\"primaryImageOfPage\":{\"@id\":\"https:\/\/stephexhorsetrucks.com\/fr\/#primaryimage\"},\"image\":{\"@id\":\"https:\/\/stephexhorsetrucks.com\/fr\/#primaryimage\"},\"thumbnailUrl\":\"https:\/\/stephexhorsetrucks.com\/wp-content\/uploads\/2020\/06\/CAPTURE-HORSETRUCKS.png\",\"datePublished\":\"2020-03-04T12:13:51+00:00\",\"dateModified\":\"2024-02-29T13:27:43+00:00\",\"description\":\"Trouvez votre camion pour chevaux \u00e0 vendre ici. Stephex est synonyme de qualit\u00e9 et de service fantastique. Contactez-nous pour plus d'info.\",\"breadcrumb\":{\"@id\":\"https:\/\/stephexhorsetrucks.com\/fr\/#breadcrumb\"},\"inLanguage\":\"fr-FR\",\"potentialAction\":[{\"@type\":\"ReadAction\",\"target\":[\"https:\/\/stephexhorsetrucks.com\/fr\/\"]}]},{\"@type\":\"ImageObject\",\"inLanguage\":\"fr-FR\",\"@id\":\"https:\/\/stephexhorsetrucks.com\/fr\/#primaryimage\",\"url\":\"https:\/\/stephexhorsetrucks.com\/wp-content\/uploads\/2020\/06\/CAPTURE-HORSETRUCKS.png\",\"contentUrl\":\"https:\/\/stephexhorsetrucks.com\/wp-content\/uploads\/2020\/06\/CAPTURE-HORSETRUCKS.png\",\"width\":3568,\"height\":2008,\"caption\":\"Stephex horsetrucks - camion chevaux \u00e0 vendre\"},{\"@type\":\"BreadcrumbList\",\"@id\":\"https:\/\/stephexhorsetrucks.com\/fr\/#breadcrumb\",\"itemListElement\":[{\"@type\":\"ListItem\",\"position\":1,\"name\":\"Home\",\"item\":\"https:\/\/stephexhorsetrucks.com\/fr\/\"},{\"@type\":\"ListItem\",\"position\":2,\"name\":\"The Choice is Yours avec Stephex Horsetrucks\"}]},{\"@type\":\"WebSite\",\"@id\":\"https:\/\/stephexhorsetrucks.com\/fr\/#website\",\"url\":\"https:\/\/stephexhorsetrucks.com\/fr\/\",\"name\":\"Stephex Horsetrucks\",\"description\":\"The Choice is Yours\",\"publisher\":{\"@id\":\"https:\/\/stephexhorsetrucks.com\/fr\/#organization\"},\"potentialAction\":[{\"@type\":\"SearchAction\",\"target\":{\"@type\":\"EntryPoint\",\"urlTemplate\":\"https:\/\/stephexhorsetrucks.com\/fr\/?s={search_term_string}\"},\"query-input\":{\"@type\":\"PropertyValueSpecification\",\"valueRequired\":true,\"valueName\":\"search_term_string\"}}],\"inLanguage\":\"fr-FR\"},{\"@type\":\"Organization\",\"@id\":\"https:\/\/stephexhorsetrucks.com\/fr\/#organization\",\"name\":\"Stephex Horsetrucks\",\"url\":\"https:\/\/stephexhorsetrucks.com\/fr\/\",\"logo\":{\"@type\":\"ImageObject\",\"inLanguage\":\"fr-FR\",\"@id\":\"https:\/\/stephexhorsetrucks.com\/fr\/#\/schema\/logo\/image\/\",\"url\":\"https:\/\/stephexhorsetrucks.com\/wp-content\/uploads\/2022\/09\/STX-2022-logo.jpeg\",\"contentUrl\":\"https:\/\/stephexhorsetrucks.com\/wp-content\/uploads\/2022\/09\/STX-2022-logo.jpeg\",\"width\":2048,\"height\":779,\"caption\":\"Stephex Horsetrucks\"},\"image\":{\"@id\":\"https:\/\/stephexhorsetrucks.com\/fr\/#\/schema\/logo\/image\/\"},\"sameAs\":[\"https:\/\/nl-nl.facebook.com\/StephexHorsetrucks\/\",\"https:\/\/www.instagram.com\/stephexhorsetrucks\/\"]}]}<\/script>\n<!-- \/ Yoast SEO Premium plugin. -->","yoast_head_json":{"title":"Camion chevaux \u00e0 vendre - Stephex Horsetrucks","description":"Trouvez votre camion pour chevaux \u00e0 vendre ici. Stephex est synonyme de qualit\u00e9 et de service fantastique. Contactez-nous pour plus d'info.","robots":{"index":"index","follow":"follow","max-snippet":"max-snippet:-1","max-image-preview":"max-image-preview:large","max-video-preview":"max-video-preview:-1"},"canonical":"https:\/\/stephexhorsetrucks.com\/fr\/","og_locale":"fr_FR","og_type":"article","og_title":"The Choice is Yours avec Stephex Horsetrucks","og_description":"Trouvez votre camion pour chevaux \u00e0 vendre ici. Stephex est synonyme de qualit\u00e9 et de service fantastique. Contactez-nous pour plus d'info.","og_url":"https:\/\/stephexhorsetrucks.com\/fr\/","og_site_name":"Stephex Horsetrucks","article_publisher":"https:\/\/nl-nl.facebook.com\/StephexHorsetrucks\/","article_modified_time":"2024-02-29T13:27:43+00:00","og_image":[{"url":"https:\/\/stephexhorsetrucks.com\/wp-content\/uploads\/2020\/06\/CAPTURE-HORSETRUCKS.png","width":1024,"height":576,"type":"image\/png"}],"twitter_card":"summary_large_image","schema":{"@context":"https:\/\/schema.org","@graph":[{"@type":"WebPage","@id":"https:\/\/stephexhorsetrucks.com\/fr\/","url":"https:\/\/stephexhorsetrucks.com\/fr\/","name":"Camion chevaux \u00e0 vendre - Stephex Horsetrucks","isPartOf":{"@id":"https:\/\/stephexhorsetrucks.com\/fr\/#website"},"primaryImageOfPage":{"@id":"https:\/\/stephexhorsetrucks.com\/fr\/#primaryimage"},"image":{"@id":"https:\/\/stephexhorsetrucks.com\/fr\/#primaryimage"},"thumbnailUrl":"https:\/\/stephexhorsetrucks.com\/wp-content\/uploads\/2020\/06\/CAPTURE-HORSETRUCKS.png","datePublished":"2020-03-04T12:13:51+00:00","dateModified":"2024-02-29T13:27:43+00:00","description":"Trouvez votre camion pour chevaux \u00e0 vendre ici. Stephex est synonyme de qualit\u00e9 et de service fantastique. Contactez-nous pour plus d'info.","breadcrumb":{"@id":"https:\/\/stephexhorsetrucks.com\/fr\/#breadcrumb"},"inLanguage":"fr-FR","potentialAction":[{"@type":"ReadAction","target":["https:\/\/stephexhorsetrucks.com\/fr\/"]}]},{"@type":"ImageObject","inLanguage":"fr-FR","@id":"https:\/\/stephexhorsetrucks.com\/fr\/#primaryimage","url":"https:\/\/stephexhorsetrucks.com\/wp-content\/uploads\/2020\/06\/CAPTURE-HORSETRUCKS.png","contentUrl":"https:\/\/stephexhorsetrucks.com\/wp-content\/uploads\/2020\/06\/CAPTURE-HORSETRUCKS.png","width":3568,"height":2008,"caption":"Stephex horsetrucks - camion chevaux \u00e0 vendre"},{"@type":"BreadcrumbList","@id":"https:\/\/stephexhorsetrucks.com\/fr\/#breadcrumb","itemListElement":[{"@type":"ListItem","position":1,"name":"Home","item":"https:\/\/stephexhorsetrucks.com\/fr\/"},{"@type":"ListItem","position":2,"name":"The Choice is Yours avec Stephex Horsetrucks"}]},{"@type":"WebSite","@id":"https:\/\/stephexhorsetrucks.com\/fr\/#website","url":"https:\/\/stephexhorsetrucks.com\/fr\/","name":"Stephex Horsetrucks","description":"The Choice is Yours","publisher":{"@id":"https:\/\/stephexhorsetrucks.com\/fr\/#organization"},"potentialAction":[{"@type":"SearchAction","target":{"@type":"EntryPoint","urlTemplate":"https:\/\/stephexhorsetrucks.com\/fr\/?s={search_term_string}"},"query-input":{"@type":"PropertyValueSpecification","valueRequired":true,"valueName":"search_term_string"}}],"inLanguage":"fr-FR"},{"@type":"Organization","@id":"https:\/\/stephexhorsetrucks.com\/fr\/#organization","name":"Stephex Horsetrucks","url":"https:\/\/stephexhorsetrucks.com\/fr\/","logo":{"@type":"ImageObject","inLanguage":"fr-FR","@id":"https:\/\/stephexhorsetrucks.com\/fr\/#\/schema\/logo\/image\/","url":"https:\/\/stephexhorsetrucks.com\/wp-content\/uploads\/2022\/09\/STX-2022-logo.jpeg","contentUrl":"https:\/\/stephexhorsetrucks.com\/wp-content\/uploads\/2022\/09\/STX-2022-logo.jpeg","width":2048,"height":779,"caption":"Stephex Horsetrucks"},"image":{"@id":"https:\/\/stephexhorsetrucks.com\/fr\/#\/schema\/logo\/image\/"},"sameAs":["https:\/\/nl-nl.facebook.com\/StephexHorsetrucks\/","https:\/\/www.instagram.com\/stephexhorsetrucks\/"]}]}},"ACF":{"chapeau":true,"link":{"title":"D\u00e9couvrez nos Marques","url":"https:\/\/stephexhorsetrucks.com\/fr\/brands\/","target":""},"icon_logo":false,"subtitle":"","label":"A propos de Stephex Horsetrucks","description":"Stephex Horsetrucks est leader en Europe dans la fabrication de v\u00e9hicules \u00e9questres haut de gamme. Explorez notre s\u00e9lection diversifi\u00e9e de camions pour chevaux, de remorques et de coffres \u00e0 mat\u00e9riel. Mettant en vedette l'AKX fonctionnel, l'embl\u00e9matique STX et le luxueux KETTERER.","marquee_text":"V\u00e9hicules Disponibles","marquee_link":"https:\/\/stephexhorsetrucks.com\/fr\/stock\/","video_thumbnail":{"ID":58013,"id":58013,"title":"11. SX HorsetrucksBrand Video","filename":"11.-SX-HorsetrucksBrand-Video.mp4","filesize":87136596,"url":"https:\/\/stephexhorsetrucks.com\/wp-content\/uploads\/2026\/03\/11.-SX-HorsetrucksBrand-Video.mp4","link":"https:\/\/stephexhorsetrucks.com\/fr\/home-dev\/11-sx-horsetrucksbrand-video\/","alt":"","author":"33","description":"","caption":"","name":"11-sx-horsetrucksbrand-video","status":"inherit","uploaded_to":58011,"date":"2026-03-09 13:38:17","modified":"2026-03-19 07:01:38","menu_order":0,"mime_type":"video\/mp4","type":"video","subtype":"mp4","icon":"https:\/\/stephexhorsetrucks.com\/wp-includes\/images\/media\/video.png","width":1280,"height":720}},"_links":{"self":[{"href":"https:\/\/stephexhorsetrucks.com\/fr\/wp-json\/wp\/v2\/pages\/4362","targetHints":{"allow":["GET"]}}],"collection":[{"href":"https:\/\/stephexhorsetrucks.com\/fr\/wp-json\/wp\/v2\/pages"}],"about":[{"href":"https:\/\/stephexhorsetrucks.com\/fr\/wp-json\/wp\/v2\/types\/page"}],"author":[{"embeddable":true,"href":"https:\/\/stephexhorsetrucks.com\/fr\/wp-json\/wp\/v2\/users\/7"}],"replies":[{"embeddable":true,"href":"https:\/\/stephexhorsetrucks.com\/fr\/wp-json\/wp\/v2\/comments?post=4362"}],"version-history":[{"count":9,"href":"https:\/\/stephexhorsetrucks.com\/fr\/wp-json\/wp\/v2\/pages\/4362\/revisions"}],"predecessor-version":[{"id":44230,"href":"https:\/\/stephexhorsetrucks.com\/fr\/wp-json\/wp\/v2\/pages\/4362\/revisions\/44230"}],"wp:featuredmedia":[{"embeddable":true,"href":"https:\/\/stephexhorsetrucks.com\/fr\/wp-json\/wp\/v2\/media\/5323"}],"wp:attachment":[{"href":"https:\/\/stephexhorsetrucks.com\/fr\/wp-json\/wp\/v2\/media?parent=4362"}],"curies":[{"name":"wp","href":"https:\/\/api.w.org\/{rel}","templated":true}]}}