{"id":11804,"date":"2020-03-04T12:16:13","date_gmt":"2020-03-04T12:16:13","guid":{"rendered":"https:\/\/horsetrucks.lc.webdevprojects.cloud\/dealers\/"},"modified":"2021-01-05T13:27:14","modified_gmt":"2021-01-05T11:27:14","slug":"dealers","status":"publish","type":"page","link":"https:\/\/stephexhorsetrucks.com\/it\/dealers\/","title":{"rendered":"Rivenditori"},"content":{"rendered":"","protected":false},"excerpt":{"rendered":"","protected":false},"author":7,"featured_media":11806,"parent":0,"menu_order":0,"comment_status":"closed","ping_status":"closed","template":"models\/dealers.php","meta":{"_acf_changed":false,"content-type":"","footnotes":""},"class_list":["post-11804","page","type-page","status-publish","has-post-thumbnail","hentry"],"acf":[],"yoast_head":"<!-- This site is optimized with the Yoast SEO Premium plugin v26.3 (Yoast SEO v26.3) - https:\/\/yoast.com\/wordpress\/plugins\/seo\/ -->\n<title>Rivenditori - Stephex Horsetrucks<\/title>\n<meta name=\"robots\" content=\"index, follow, max-snippet:-1, max-image-preview:large, max-video-preview:-1\" \/>\n<link rel=\"canonical\" href=\"https:\/\/stephexhorsetrucks.com\/it\/dealers\/\" \/>\n<meta property=\"og:locale\" content=\"it_IT\" \/>\n<meta property=\"og:type\" content=\"article\" \/>\n<meta property=\"og:title\" content=\"Rivenditori\" \/>\n<meta property=\"og:url\" content=\"https:\/\/stephexhorsetrucks.com\/it\/dealers\/\" \/>\n<meta property=\"og:site_name\" content=\"Stephex Horsetrucks\" \/>\n<meta property=\"article:publisher\" content=\"https:\/\/nl-nl.facebook.com\/StephexHorsetrucks\/\" \/>\n<meta property=\"article:modified_time\" content=\"2021-01-05T11:27:14+00:00\" \/>\n<meta property=\"og:image\" content=\"https:\/\/horsetrucks.lc.webdevprojects.cloud\/wp-content\/uploads\/2020\/10\/screen3.jpg\" \/>\n\t<meta property=\"og:image:width\" content=\"821\" \/>\n\t<meta property=\"og:image:height\" content=\"814\" \/>\n\t<meta property=\"og:image:type\" content=\"image\/jpeg\" \/>\n<meta name=\"twitter:card\" content=\"summary_large_image\" \/>\n<script type=\"application\/ld+json\" class=\"yoast-schema-graph\">{\"@context\":\"https:\/\/schema.org\",\"@graph\":[{\"@type\":\"WebPage\",\"@id\":\"https:\/\/stephexhorsetrucks.com\/it\/dealers\/\",\"url\":\"https:\/\/stephexhorsetrucks.com\/it\/dealers\/\",\"name\":\"Rivenditori - Stephex Horsetrucks\",\"isPartOf\":{\"@id\":\"https:\/\/stephexhorsetrucks.com\/it\/#website\"},\"primaryImageOfPage\":{\"@id\":\"https:\/\/stephexhorsetrucks.com\/it\/dealers\/#primaryimage\"},\"image\":{\"@id\":\"https:\/\/stephexhorsetrucks.com\/it\/dealers\/#primaryimage\"},\"thumbnailUrl\":\"https:\/\/stephexhorsetrucks.com\/wp-content\/uploads\/2020\/10\/screen3.jpg\",\"datePublished\":\"2020-03-04T12:16:13+00:00\",\"dateModified\":\"2021-01-05T11:27:14+00:00\",\"breadcrumb\":{\"@id\":\"https:\/\/stephexhorsetrucks.com\/it\/dealers\/#breadcrumb\"},\"inLanguage\":\"it-IT\",\"potentialAction\":[{\"@type\":\"ReadAction\",\"target\":[\"https:\/\/stephexhorsetrucks.com\/it\/dealers\/\"]}]},{\"@type\":\"ImageObject\",\"inLanguage\":\"it-IT\",\"@id\":\"https:\/\/stephexhorsetrucks.com\/it\/dealers\/#primaryimage\",\"url\":\"https:\/\/stephexhorsetrucks.com\/wp-content\/uploads\/2020\/10\/screen3.jpg\",\"contentUrl\":\"https:\/\/stephexhorsetrucks.com\/wp-content\/uploads\/2020\/10\/screen3.jpg\",\"width\":821,\"height\":814,\"caption\":\"Maps truck shop dealers search where find camionnette\"},{\"@type\":\"BreadcrumbList\",\"@id\":\"https:\/\/stephexhorsetrucks.com\/it\/dealers\/#breadcrumb\",\"itemListElement\":[{\"@type\":\"ListItem\",\"position\":1,\"name\":\"Home\",\"item\":\"https:\/\/stephexhorsetrucks.com\/it\/\"},{\"@type\":\"ListItem\",\"position\":2,\"name\":\"Rivenditori\"}]},{\"@type\":\"WebSite\",\"@id\":\"https:\/\/stephexhorsetrucks.com\/it\/#website\",\"url\":\"https:\/\/stephexhorsetrucks.com\/it\/\",\"name\":\"Stephex Horsetrucks\",\"description\":\"The Choice is Yours\",\"publisher\":{\"@id\":\"https:\/\/stephexhorsetrucks.com\/it\/#organization\"},\"potentialAction\":[{\"@type\":\"SearchAction\",\"target\":{\"@type\":\"EntryPoint\",\"urlTemplate\":\"https:\/\/stephexhorsetrucks.com\/it\/?s={search_term_string}\"},\"query-input\":{\"@type\":\"PropertyValueSpecification\",\"valueRequired\":true,\"valueName\":\"search_term_string\"}}],\"inLanguage\":\"it-IT\"},{\"@type\":\"Organization\",\"@id\":\"https:\/\/stephexhorsetrucks.com\/it\/#organization\",\"name\":\"Stephex Horsetrucks\",\"url\":\"https:\/\/stephexhorsetrucks.com\/it\/\",\"logo\":{\"@type\":\"ImageObject\",\"inLanguage\":\"it-IT\",\"@id\":\"https:\/\/stephexhorsetrucks.com\/it\/#\/schema\/logo\/image\/\",\"url\":\"https:\/\/stephexhorsetrucks.com\/wp-content\/uploads\/2022\/09\/STX-2022-logo.jpeg\",\"contentUrl\":\"https:\/\/stephexhorsetrucks.com\/wp-content\/uploads\/2022\/09\/STX-2022-logo.jpeg\",\"width\":2048,\"height\":779,\"caption\":\"Stephex Horsetrucks\"},\"image\":{\"@id\":\"https:\/\/stephexhorsetrucks.com\/it\/#\/schema\/logo\/image\/\"},\"sameAs\":[\"https:\/\/nl-nl.facebook.com\/StephexHorsetrucks\/\",\"https:\/\/www.instagram.com\/stephexhorsetrucks\/\"]}]}<\/script>\n<!-- \/ Yoast SEO Premium plugin. -->","yoast_head_json":{"title":"Rivenditori - Stephex Horsetrucks","robots":{"index":"index","follow":"follow","max-snippet":"max-snippet:-1","max-image-preview":"max-image-preview:large","max-video-preview":"max-video-preview:-1"},"canonical":"https:\/\/stephexhorsetrucks.com\/it\/dealers\/","og_locale":"it_IT","og_type":"article","og_title":"Rivenditori","og_url":"https:\/\/stephexhorsetrucks.com\/it\/dealers\/","og_site_name":"Stephex Horsetrucks","article_publisher":"https:\/\/nl-nl.facebook.com\/StephexHorsetrucks\/","article_modified_time":"2021-01-05T11:27:14+00:00","og_image":[{"width":821,"height":814,"url":"https:\/\/horsetrucks.lc.webdevprojects.cloud\/wp-content\/uploads\/2020\/10\/screen3.jpg","type":"image\/jpeg"}],"twitter_card":"summary_large_image","schema":{"@context":"https:\/\/schema.org","@graph":[{"@type":"WebPage","@id":"https:\/\/stephexhorsetrucks.com\/it\/dealers\/","url":"https:\/\/stephexhorsetrucks.com\/it\/dealers\/","name":"Rivenditori - Stephex Horsetrucks","isPartOf":{"@id":"https:\/\/stephexhorsetrucks.com\/it\/#website"},"primaryImageOfPage":{"@id":"https:\/\/stephexhorsetrucks.com\/it\/dealers\/#primaryimage"},"image":{"@id":"https:\/\/stephexhorsetrucks.com\/it\/dealers\/#primaryimage"},"thumbnailUrl":"https:\/\/stephexhorsetrucks.com\/wp-content\/uploads\/2020\/10\/screen3.jpg","datePublished":"2020-03-04T12:16:13+00:00","dateModified":"2021-01-05T11:27:14+00:00","breadcrumb":{"@id":"https:\/\/stephexhorsetrucks.com\/it\/dealers\/#breadcrumb"},"inLanguage":"it-IT","potentialAction":[{"@type":"ReadAction","target":["https:\/\/stephexhorsetrucks.com\/it\/dealers\/"]}]},{"@type":"ImageObject","inLanguage":"it-IT","@id":"https:\/\/stephexhorsetrucks.com\/it\/dealers\/#primaryimage","url":"https:\/\/stephexhorsetrucks.com\/wp-content\/uploads\/2020\/10\/screen3.jpg","contentUrl":"https:\/\/stephexhorsetrucks.com\/wp-content\/uploads\/2020\/10\/screen3.jpg","width":821,"height":814,"caption":"Maps truck shop dealers search where find camionnette"},{"@type":"BreadcrumbList","@id":"https:\/\/stephexhorsetrucks.com\/it\/dealers\/#breadcrumb","itemListElement":[{"@type":"ListItem","position":1,"name":"Home","item":"https:\/\/stephexhorsetrucks.com\/it\/"},{"@type":"ListItem","position":2,"name":"Rivenditori"}]},{"@type":"WebSite","@id":"https:\/\/stephexhorsetrucks.com\/it\/#website","url":"https:\/\/stephexhorsetrucks.com\/it\/","name":"Stephex Horsetrucks","description":"The Choice is Yours","publisher":{"@id":"https:\/\/stephexhorsetrucks.com\/it\/#organization"},"potentialAction":[{"@type":"SearchAction","target":{"@type":"EntryPoint","urlTemplate":"https:\/\/stephexhorsetrucks.com\/it\/?s={search_term_string}"},"query-input":{"@type":"PropertyValueSpecification","valueRequired":true,"valueName":"search_term_string"}}],"inLanguage":"it-IT"},{"@type":"Organization","@id":"https:\/\/stephexhorsetrucks.com\/it\/#organization","name":"Stephex Horsetrucks","url":"https:\/\/stephexhorsetrucks.com\/it\/","logo":{"@type":"ImageObject","inLanguage":"it-IT","@id":"https:\/\/stephexhorsetrucks.com\/it\/#\/schema\/logo\/image\/","url":"https:\/\/stephexhorsetrucks.com\/wp-content\/uploads\/2022\/09\/STX-2022-logo.jpeg","contentUrl":"https:\/\/stephexhorsetrucks.com\/wp-content\/uploads\/2022\/09\/STX-2022-logo.jpeg","width":2048,"height":779,"caption":"Stephex Horsetrucks"},"image":{"@id":"https:\/\/stephexhorsetrucks.com\/it\/#\/schema\/logo\/image\/"},"sameAs":["https:\/\/nl-nl.facebook.com\/StephexHorsetrucks\/","https:\/\/www.instagram.com\/stephexhorsetrucks\/"]}]}},"ACF":{"add_a_dealer_location":[{"name":"STEPHEX Horsetrucks","adress_gm":{"address":"Lovegemstraat 15, Meise, Belgium","lat":50.9538188,"lng":4.285520300000001,"zoom":16,"place_id":"ChIJq6IVk2fqw0cResOyFhvNq6k","name":"Lovegemstraat 15","street_number":"15","street_name":"Lovegemstraat","city":"Meise","state":"Vlaams Gewest","state_short":"VB","post_code":"1861","country":"Belgium","country_short":"BE"},"contact_person":"","email":"tom.kerkhofs@stephex.com","phone":"+32 2 269 88 75","website":"https:\/\/stephexhorsetrucks.com"},{"name":"K&P Equestrian GmbH","adress_gm":{"address":"Gustav-Stresemann-Stra\u00dfe 30, Bergisch Gladbach, Germany","lat":50.990109,"lng":7.106658100000001,"zoom":14,"place_id":"ChIJa1p5cSQov0cRhxhUZv87R0k","name":"Gustav-Stresemann-Stra\u00dfe 30","street_number":"30","street_name":"Gustav-Stresemann-Stra\u00dfe","city":"Bergisch Gladbach","state":"Nordrhein-Westfalen","state_short":"NRW","post_code":"51469","country":"Germany","country_short":"DE"},"contact_person":"Lorenz Pilgram","email":"info@horces-trucks.de","phone":" 0049 177 40 56 354","website":"https:\/\/www.horces-trucks.de"},{"name":"STX Praha","adress_gm":{"address":"ZAOS Praha s.r.o., Tauferova, Prague 19, Czechia","lat":50.13267299999999,"lng":14.5506952,"zoom":14,"place_id":"ChIJ62GRpwbtC0cRta2lwwv35Bo","name":"ZAOS Praha s.r.o.","street_number":"1041","street_name":"Tauferova","state":"Hlavn\u00ed m\u011bsto Praha","post_code":"197 00","country":"Czechia","country_short":"CZ"},"contact_person":"Zuzana Svobodov\u00e1","email":"stx@stx-horseboxes.cz","phone":"+420 601 228 512","website":"https:\/\/stx-horseboxes.cz\/"},{"name":"STX-UK","adress_gm":{"address":"Henfield BN5 9SL, UK","lat":50.9166145,"lng":-0.2644095,"zoom":14,"place_id":"ChIJSwfcjU-RdUgRiRW-wZBXTKQ","name":"BN5 9SL","city":"Henfield","state":"England","post_code":"BN5 9SL","country":"United Kingdom","country_short":"GB"},"contact_person":"Wayne Robbins","email":"info@stx-uk.com","phone":"+44 1273 574 000","website":"https:\/\/stx-uk.com"},{"name":"European Horseboxes","adress_gm":{"address":"Ringtail Road, Burscough Industrial Estate, Burscough, Ormskirk L40 8JY, UK","lat":53.5983732,"lng":-2.8631067,"zoom":6,"place_id":"ChIJG-8qvGYWe0gRkV8V2VuYjwU","name":"L40 8JY","street_name":"Ringtail Road","street_name_short":"Ringtail Rd","city":"Ormskirk","state":"England","post_code":"L40 8JY","country":"United Kingdom","country_short":"GB"},"contact_person":"Emily Beckett","email":"emily@europeanhorseboxes.co.uk","phone":"+44 7803 437426","website":"https:\/\/stephexhorseboxes.co.uk"},{"name":"Kingsr\u00f6d AB","adress_gm":{"address":"Fj\u00e4r\u00e5s industriv\u00e4g 2, Fj\u00e4r\u00e5s, Sweden","lat":57.4356069,"lng":12.1559049,"zoom":14,"place_id":"ChIJrbvIxHbnT0YRcexzxxJ9KN4","name":"Fj\u00e4r\u00e5s industriv\u00e4g 2","street_number":"2","street_name":"Fj\u00e4r\u00e5s industriv\u00e4g","city":"Fj\u00e4r\u00e5s","state":"Hallands l\u00e4n","post_code":"439 74","country":"Sweden","country_short":"SE"},"contact_person":"Peter Jansson","email":"info@kingsrod.se","phone":"+46 300 10163","website":"https:\/\/kingsrod.se"},{"name":"Kingsr\u00f8d Trading AS","adress_gm":{"address":"Statsminister Torps vei 57, 1738 Sarpsborg, Norway","lat":59.26368910000001,"lng":11.1161067,"zoom":14,"place_id":"ChIJTZwWFNIFREYR2zAWWIoIYXI","name":"Statsminister Torps vei 57","street_number":"57","street_name":"Statsminister Torps vei","city":"Sarpsborg","state":"Viken","post_code":"1738","country":"Norway","country_short":"NO"},"contact_person":"Dag-Ove Kingsr\u00f8d","email":"sales@kingsrod.no","phone":"+47 691 11 555","website":"https:\/\/www.kingsrodtrading.no"},{"name":"Anemone Horsetrucks","adress_gm":{"address":"Glashorst 99, Scherpenzeel, Netherlands","lat":52.0815208,"lng":5.472400200000001,"zoom":14,"place_id":"ChIJh0-BCuxPxkcRcFl2Va17dSg","name":"Glashorst 99","street_number":"99","street_name":"Glashorst","city":"Scherpenzeel","state":"Gelderland","state_short":"GE","post_code":"3925 BR","country":"Netherlands","country_short":"NL"},"contact_person":"Stefan Van Kooten","email":"sales@anemone.nl","phone":"+31 33-470 18 28","website":"https:\/\/anemone.nl"},{"name":"International Horses","adress_gm":{"address":"Via Vaprio, 58, Cassano d'Adda, Metropolitan City of Milan, Italy","lat":45.5542741,"lng":9.519409,"zoom":8,"place_id":"ChIJ7-wtJxhLgUcR-vAwnd4kwIM","name":"Via Vaprio, 58","street_number":"58","street_name":"Via Vaprio","city":"Cassano d'Adda","state":"Lombardia","state_short":"MI","post_code":"20062","country":"Italy","country_short":"IT"},"contact_person":"Piero Rigoldi","email":"piero@rigoldi.eu","phone":"+39 335 246 669","website":"https:\/\/stephexhorsetrucks.com\/it\/"},{"name":"Theurer Trucks","adress_gm":{"address":"Hamburger Stra\u00dfe 65, 23816 Leezen, Germany","lat":53.86217499999999,"lng":10.2509938,"zoom":8,"place_id":"EihIYW1idXJnZXIgU3RyLiA2NSwgMjM4MTYgTGVlemVuLCBHZXJtYW55IjASLgoUChIJ6bS_qgc9skcR9HSih1vphREQQSoUChIJ5R28wxw9skcR6GbahELBmbA","name":"Hamburger Str. 65","street_number":"65","street_name":"Hamburger Stra\u00dfe","street_name_short":"Hamburger Str.","city":"Leezen","state":"Schleswig-Holstein","state_short":"SH","post_code":"23816","country":"Germany","country_short":"DE"},"contact_person":"Richard Theurer","email":"Richard@stxgermany.de","phone":"+49 45 52 994-1285","website":"https:\/\/theurer-trucks.de\/"},{"name":"Horsetrucks Terhorst","adress_gm":{"address":"L\u00f6tscher Weg 57, 41334 Nettetal, Germany","lat":51.28899759999999,"lng":6.258544499999999,"zoom":14,"place_id":"ChIJMzj6QMFWx0cRMhk3MXkC-Ls","name":"L\u00f6tscher Weg 57","street_number":"57","street_name":"L\u00f6tscher Weg","city":"Nettetal","state":"Nordrhein-Westfalen","state_short":"NRW","post_code":"41334","country":"Germany","country_short":"DE"},"contact_person":"Michael Terhorst","email":"m.terhorst@horsetrucks-terhorst.de","phone":"+49 21 53 9566 880","website":"https:\/\/horsetrucks-terhorst.de"},{"name":"SRM Vans Raynaud","adress_gm":{"address":"56 Route de Draguignan, 06530 Peymeinade, France","lat":43.6394643,"lng":6.868786800000001,"zoom":14,"place_id":"ChIJLY_2XvImzBIRhp_HTXa5Je4","name":"56 Route de Draguignan","street_number":"56","street_name":"Route de Draguignan","city":"Peymeinade","state":"Provence-Alpes-C\u00f4te d'Azur","post_code":"06530","country":"France","country_short":"FR"},"contact_person":"Claude Raynaud","email":"raynaudclaude@wanadoo.fr","phone":"+33 607 53 81 53","website":"https:\/\/vans-raynaud.fr"},{"name":"STX France","adress_gm":{"address":"10 Route du Pigeon Bleu, 78490 Galluis, France","lat":48.80176100000001,"lng":1.810527,"zoom":14,"place_id":"ChIJD9Xc3UOZ5kcR_S1ta64zD1U","name":"10 Rte du Pigeon Bleu","street_number":"10","street_name":"Route du Pigeon Bleu","street_name_short":"Rte du Pigeon Bleu","city":"Galluis","state":"\u00cele-de-France","state_short":"IDF","post_code":"78490","country":"France","country_short":"FR"},"contact_person":"Maxence Charton","email":"Maxence.charton@stx-france.com","phone":"\u202d+33 6 48 00 13 56\u202c","website":"https:\/\/stx-france.com"},{"name":"STEPHEX USA (STX VANS)","adress_gm":{"address":"Wellington, FL, USA","lat":26.6617635,"lng":-80.2683571,"zoom":14,"place_id":"ChIJPQn610Il2YgRCiYq3AsWb8M","name":"Wellington","city":"Wellington","state":"Florida","state_short":"FL","country":"United States","country_short":"US"},"contact_person":"Keith HUGHES","email":"keith@stephex.com","phone":"+1 847 345 04 04","website":"https:\/\/stxvans.com"},{"name":"Cooper Horsetrucks Ltd.","adress_gm":{"address":"Cooper International Horse Transport: Ireland - UK - Europe - USA - Worldwide Service, Castlefarm, Kilsallaghan, County Dublin, Ireland","lat":53.4748525,"lng":-6.316224699999999,"zoom":16,"place_id":"ChIJWxPprvETZ0gR91VdmJQ9hM0","name":"Cooper International Horse Transport: Ireland - UK - Europe - USA - Worldwide Service","city":"Kilsallaghan","state":"County Dublin","state_short":"D","post_code":"K67 DW99","country":"Ireland","country_short":"IE"},"contact_person":"Gavin Cooper","email":"info@cooperhorses.com","phone":"+35878390265","website":"https:\/\/cooperhorses.com"},{"name":"STX SALES REPRESENTATIVE SPAIN","adress_gm":{"address":"Calle Juan de la Cierva, 198-200, 28939 Arroyomolinos, Madrid, Spain","lat":40.2983137,"lng":-3.8936251,"zoom":14,"place_id":"EkBDLiBkZSBKdWFuIGRlIGxhIENpZXJ2YSwgMTk4LCAyODkzOSBBcnJveW9tb2xpbm9zLCBNYWRyaWQsIFNwYWluIjESLwoUChIJrYHkkJGNQQ0RlkyTba8ft90QxgEqFAoSCQE-nB2SjUENEX0BOu_eZwKW","name":"C. de Juan de la Cierva, 198","street_number":"198","street_name":"Calle de Juan de la Cierva","street_name_short":"C. de Juan de la Cierva","city":"Arroyomolinos","state":"Comunidad de Madrid","state_short":"MD","post_code":"28939","country":"Spain","country_short":"ES"},"contact_person":"Astrid Camblor Varela","email":"astrid.camblor@stephex.com","phone":"+34 646 928 849","website":"https:\/\/stephexhorsetrucks.com\/es\/"},{"name":"GLENPATRICK HORSEBOXES","adress_gm":{"address":"Carnanee Road, Templepatrick, Ballyclare BT39 0BZ, Northern Ireland, UK","lat":54.7032266,"lng":-6.0335797,"zoom":14,"place_id":"ChIJZyEvF8CoYUgRIjw4e0UWlQI","name":"BT39 0BZ","street_name":"Carnanee Road","street_name_short":"Carnanee Rd","city":"Templepatrick","state":"Northern Ireland","post_code":"BT39 0BZ","country":"United Kingdom","country_short":"GB"},"contact_person":"Britt Megahey \/ Steven Graham","email":"sales@glenpatrickhorseboxes.com","phone":"+44 2896 922 467","website":"https:\/\/glenpatrickhorseboxes.com\/"},{"name":"Hobuauto O\u00dc","adress_gm":{"address":"Paljandi 3, Tallinn, Estonia","lat":59.44077730000001,"lng":24.6229008,"zoom":14,"place_id":"EiJQYWxqYW5kaSAzLCAxMzUxNiBUYWxsaW5uLCBFc3RvbmlhIjASLgoUChIJGz44vaCWkkYRhobK3c9pPZYQAyoUChIJDwDMvKCWkkYRgsB5xwpVUQM","name":"Paljandi 3","street_number":"3","street_name":"Paljandi","city":"Tallinn","state":"Harju maakond","post_code":"13516","country":"Estonia","country_short":"EE"},"contact_person":"Gregor Erik Konsa","email":"gregor@hobuauto.ee","phone":"+372 5118 890","website":"https:\/\/hobuauto.ee\/"},{"name":"","adress_gm":false,"contact_person":"","email":"","phone":"","website":""},{"name":"","adress_gm":false,"contact_person":"","email":"","phone":"","website":""},{"name":"","adress_gm":false,"contact_person":"","email":"","phone":"","website":""},{"name":"","adress_gm":false,"contact_person":"","email":"","phone":"","website":""},{"name":"","adress_gm":false,"contact_person":"","email":"","phone":"","website":""},{"name":"","adress_gm":false,"contact_person":"","email":"","phone":"","website":""},{"name":"","adress_gm":false,"contact_person":"","email":"","phone":"","website":""},{"name":"","adress_gm":false,"contact_person":"","email":"","phone":"","website":""},{"name":"","adress_gm":false,"contact_person":"","email":"","phone":"","website":""}]},"_links":{"self":[{"href":"https:\/\/stephexhorsetrucks.com\/it\/wp-json\/wp\/v2\/pages\/11804","targetHints":{"allow":["GET"]}}],"collection":[{"href":"https:\/\/stephexhorsetrucks.com\/it\/wp-json\/wp\/v2\/pages"}],"about":[{"href":"https:\/\/stephexhorsetrucks.com\/it\/wp-json\/wp\/v2\/types\/page"}],"author":[{"embeddable":true,"href":"https:\/\/stephexhorsetrucks.com\/it\/wp-json\/wp\/v2\/users\/7"}],"replies":[{"embeddable":true,"href":"https:\/\/stephexhorsetrucks.com\/it\/wp-json\/wp\/v2\/comments?post=11804"}],"version-history":[{"count":1,"href":"https:\/\/stephexhorsetrucks.com\/it\/wp-json\/wp\/v2\/pages\/11804\/revisions"}],"predecessor-version":[{"id":11807,"href":"https:\/\/stephexhorsetrucks.com\/it\/wp-json\/wp\/v2\/pages\/11804\/revisions\/11807"}],"wp:featuredmedia":[{"embeddable":true,"href":"https:\/\/stephexhorsetrucks.com\/it\/wp-json\/wp\/v2\/media\/11806"}],"wp:attachment":[{"href":"https:\/\/stephexhorsetrucks.com\/it\/wp-json\/wp\/v2\/media?parent=11804"}],"curies":[{"name":"wp","href":"https:\/\/api.w.org\/{rel}","templated":true}]}}